{"id":27,"date":"2026-01-01T13:41:53","date_gmt":"2026-01-01T13:41:53","guid":{"rendered":"https:\/\/ustaellerevdeneve.com\/?page_id=27"},"modified":"2026-01-02T08:13:25","modified_gmt":"2026-01-02T08:13:25","slug":"ustaeller-evden-eve-nakliyat","status":"publish","type":"page","link":"https:\/\/ustaellerevdeneve.com\/index.php\/ustaeller-evden-eve-nakliyat\/","title":{"rendered":"USTAELLER EVDEN EVE NAKL\u0130YAT"},"content":{"rendered":"\n<p>Usta Eller Evden Eve Nakliyat olarak, e\u015fyalar\u0131n\u0131z\u0131 en g\u00fcvenli ve h\u0131zl\u0131 \u015fekilde yeni adresinize ta\u015f\u0131yoruz. Profesyonel ekibimiz ve modern ara\u00e7 filomuzla \u015fehir i\u00e7i ve \u015fehirler aras\u0131 ta\u015f\u0131mac\u0131l\u0131kta yan\u0131n\u0131zday\u0131z.<\/p>\n\n\n\n<figure class=\"wp-block-gallery has-nested-images columns-default is-cropped wp-block-gallery-1 is-layout-flex wp-block-gallery-is-layout-flex\">\n<figure class=\"wp-block-image size-large\"><img loading=\"lazy\" decoding=\"async\" width=\"1024\" height=\"1022\" data-id=\"29\" src=\"https:\/\/ustaellerevdeneve.com\/wp-content\/uploads\/2026\/01\/IMG_20260101_162916-1024x1022.jpg\" alt=\"\" class=\"wp-image-29\" srcset=\"https:\/\/ustaellerevdeneve.com\/wp-content\/uploads\/2026\/01\/IMG_20260101_162916-1024x1022.jpg 1024w, https:\/\/ustaellerevdeneve.com\/wp-content\/uploads\/2026\/01\/IMG_20260101_162916-300x300.jpg 300w, https:\/\/ustaellerevdeneve.com\/wp-content\/uploads\/2026\/01\/IMG_20260101_162916-150x150.jpg 150w, https:\/\/ustaellerevdeneve.com\/wp-content\/uploads\/2026\/01\/IMG_20260101_162916-768x767.jpg 768w, https:\/\/ustaellerevdeneve.com\/wp-content\/uploads\/2026\/01\/IMG_20260101_162916.jpg 1080w\" sizes=\"auto, (max-width: 1024px) 100vw, 1024px\" \/><\/figure>\n\n\n\n<figure class=\"wp-block-image size-large\"><img loading=\"lazy\" decoding=\"async\" width=\"1024\" height=\"1007\" data-id=\"30\" src=\"https:\/\/ustaellerevdeneve.com\/wp-content\/uploads\/2026\/01\/IMG_20260101_162846-1024x1007.jpg\" alt=\"\" class=\"wp-image-30\" srcset=\"https:\/\/ustaellerevdeneve.com\/wp-content\/uploads\/2026\/01\/IMG_20260101_162846-1024x1007.jpg 1024w, https:\/\/ustaellerevdeneve.com\/wp-content\/uploads\/2026\/01\/IMG_20260101_162846-300x295.jpg 300w, https:\/\/ustaellerevdeneve.com\/wp-content\/uploads\/2026\/01\/IMG_20260101_162846-768x755.jpg 768w, https:\/\/ustaellerevdeneve.com\/wp-content\/uploads\/2026\/01\/IMG_20260101_162846.jpg 1080w\" sizes=\"auto, (max-width: 1024px) 100vw, 1024px\" \/><\/figure>\n\n\n\n<figure class=\"wp-block-image size-large\"><img loading=\"lazy\" decoding=\"async\" width=\"1024\" height=\"982\" data-id=\"28\" src=\"https:\/\/ustaellerevdeneve.com\/wp-content\/uploads\/2026\/01\/IMG_20260101_162802-1024x982.jpg\" alt=\"\" class=\"wp-image-28\" srcset=\"https:\/\/ustaellerevdeneve.com\/wp-content\/uploads\/2026\/01\/IMG_20260101_162802-1024x982.jpg 1024w, https:\/\/ustaellerevdeneve.com\/wp-content\/uploads\/2026\/01\/IMG_20260101_162802-300x288.jpg 300w, https:\/\/ustaellerevdeneve.com\/wp-content\/uploads\/2026\/01\/IMG_20260101_162802-768x737.jpg 768w, https:\/\/ustaellerevdeneve.com\/wp-content\/uploads\/2026\/01\/IMG_20260101_162802.jpg 1080w\" sizes=\"auto, (max-width: 1024px) 100vw, 1024px\" \/><\/figure>\n<\/figure>\n\n\n\n<p>Ta\u015f\u0131nmak art\u0131k dert de\u011fil! Usta Eller Evden Eve Nakliyat olarak, y\u0131llar\u0131n verdi\u011fi tecr\u00fcbe ile e\u015fyalar\u0131n\u0131z\u0131 sigortal\u0131 ve garantili bir \u015fekilde yeni yuvan\u0131za ta\u015f\u0131yoruz.\u200bNeden Bizi Tercih Etmelisiniz?\u200b\ud83d\udee1\ufe0f Sigortal\u0131 Ta\u015f\u0131mac\u0131l\u0131k: E\u015fyalar\u0131n\u0131z\u0131n ba\u015f\u0131na gelebilecek her t\u00fcrl\u00fc aksili\u011fe kar\u015f\u0131 tam g\u00fcvence sa\u011fl\u0131yoruz.\u200b\ud83d\ude9b Asans\u00f6rl\u00fc Ta\u015f\u0131ma: Y\u00fcksek katlar sorun de\u011fil! Modern asans\u00f6r sistemimizle e\u015fyalar\u0131n\u0131z\u0131 \u00e7izilmeden, h\u0131zl\u0131ca ta\u015f\u0131yoruz.\u200b\ud83d\udee0\ufe0f \u00dccretsiz Montaj: Gard\u0131rop, beyaz e\u015fya ve mobilyalar\u0131n\u0131z uzman ekibimiz taraf\u0131ndan s\u00f6k\u00fcl\u00fcr ve yeni evinizde kurulur.\u200b\ud83d\udce6 Profesyonel Paketleme: K\u0131r\u0131lacak e\u015fyalar\u0131n\u0131z i\u00e7in \u00f6zel ambalajlama yaparak maksimum koruma sa\u011fl\u0131yoruz.\u200bHemen Aray\u0131n, Uygun Fiyat Teklifi Al\u0131n!\ud83d\udcde (0539 245 39 63) <\/p>\n\n\n\n<figure class=\"wp-block-gallery has-nested-images columns-default is-cropped wp-block-gallery-2 is-layout-flex wp-block-gallery-is-layout-flex\">\n<figure class=\"wp-block-image size-large\"><img loading=\"lazy\" decoding=\"async\" width=\"739\" height=\"1024\" data-id=\"31\" src=\"https:\/\/ustaellerevdeneve.com\/wp-content\/uploads\/2026\/01\/IMG_20260101_163856-739x1024.jpg\" alt=\"\" class=\"wp-image-31\" srcset=\"https:\/\/ustaellerevdeneve.com\/wp-content\/uploads\/2026\/01\/IMG_20260101_163856-739x1024.jpg 739w, https:\/\/ustaellerevdeneve.com\/wp-content\/uploads\/2026\/01\/IMG_20260101_163856-217x300.jpg 217w, https:\/\/ustaellerevdeneve.com\/wp-content\/uploads\/2026\/01\/IMG_20260101_163856-768x1064.jpg 768w, https:\/\/ustaellerevdeneve.com\/wp-content\/uploads\/2026\/01\/IMG_20260101_163856.jpg 1080w\" sizes=\"auto, (max-width: 739px) 100vw, 739px\" \/><\/figure>\n\n\n\n<figure class=\"wp-block-image size-large\"><img loading=\"lazy\" decoding=\"async\" width=\"618\" height=\"1024\" data-id=\"32\" src=\"https:\/\/ustaellerevdeneve.com\/wp-content\/uploads\/2026\/01\/IMG_20260101_163745-618x1024.jpg\" alt=\"\" class=\"wp-image-32\" srcset=\"https:\/\/ustaellerevdeneve.com\/wp-content\/uploads\/2026\/01\/IMG_20260101_163745-618x1024.jpg 618w, https:\/\/ustaellerevdeneve.com\/wp-content\/uploads\/2026\/01\/IMG_20260101_163745-181x300.jpg 181w, https:\/\/ustaellerevdeneve.com\/wp-content\/uploads\/2026\/01\/IMG_20260101_163745-768x1272.jpg 768w, https:\/\/ustaellerevdeneve.com\/wp-content\/uploads\/2026\/01\/IMG_20260101_163745-927x1536.jpg 927w, https:\/\/ustaellerevdeneve.com\/wp-content\/uploads\/2026\/01\/IMG_20260101_163745.jpg 1080w\" sizes=\"auto, (max-width: 618px) 100vw, 618px\" \/><\/figure>\n\n\n\n<figure class=\"wp-block-image size-large\"><img loading=\"lazy\" decoding=\"async\" width=\"775\" height=\"1024\" data-id=\"33\" src=\"https:\/\/ustaellerevdeneve.com\/wp-content\/uploads\/2026\/01\/IMG_20260101_163722-775x1024.jpg\" alt=\"\" class=\"wp-image-33\" srcset=\"https:\/\/ustaellerevdeneve.com\/wp-content\/uploads\/2026\/01\/IMG_20260101_163722-775x1024.jpg 775w, https:\/\/ustaellerevdeneve.com\/wp-content\/uploads\/2026\/01\/IMG_20260101_163722-227x300.jpg 227w, https:\/\/ustaellerevdeneve.com\/wp-content\/uploads\/2026\/01\/IMG_20260101_163722-768x1015.jpg 768w, https:\/\/ustaellerevdeneve.com\/wp-content\/uploads\/2026\/01\/IMG_20260101_163722.jpg 1080w\" sizes=\"auto, (max-width: 775px) 100vw, 775px\" \/><\/figure>\n\n\n\n<figure class=\"wp-block-image size-large\"><img loading=\"lazy\" decoding=\"async\" width=\"768\" height=\"1024\" data-id=\"34\" src=\"https:\/\/ustaellerevdeneve.com\/wp-content\/uploads\/2026\/01\/IMG_20260101_163347-768x1024.jpg\" alt=\"\" class=\"wp-image-34\" srcset=\"https:\/\/ustaellerevdeneve.com\/wp-content\/uploads\/2026\/01\/IMG_20260101_163347-768x1024.jpg 768w, https:\/\/ustaellerevdeneve.com\/wp-content\/uploads\/2026\/01\/IMG_20260101_163347-225x300.jpg 225w, https:\/\/ustaellerevdeneve.com\/wp-content\/uploads\/2026\/01\/IMG_20260101_163347.jpg 1021w\" sizes=\"auto, (max-width: 768px) 100vw, 768px\" \/><\/figure>\n<\/figure>\n\n\n\n<p>Bizimle ileti\u015fime ge\u00e7iniz. <\/p>\n\n\n\n<p><\/p>\n","protected":false},"excerpt":{"rendered":"<p>Usta Eller Evden Eve Nakliyat olarak, e\u015fyalar\u0131n\u0131z\u0131 en g\u00fcvenli ve h\u0131zl\u0131 \u015fekilde yeni adresinize ta\u015f\u0131yoruz. Profesyonel ekibimiz ve modern ara\u00e7 filomuzla \u015fehir i\u00e7i ve \u015fehirler aras\u0131 ta\u015f\u0131mac\u0131l\u0131kta yan\u0131n\u0131zday\u0131z. Ta\u015f\u0131nmak art\u0131k dert de\u011fil! Usta Eller Evden Eve Nakliyat olarak, y\u0131llar\u0131n verdi\u011fi tecr\u00fcbe ile e\u015fyalar\u0131n\u0131z\u0131 sigortal\u0131 ve garantili bir \u015fekilde yeni yuvan\u0131za ta\u015f\u0131yoruz.\u200bNeden Bizi Tercih Etmelisiniz?\u200b\ud83d\udee1\ufe0f Sigortal\u0131 [&hellip;]<\/p>\n","protected":false},"author":1,"featured_media":0,"parent":0,"menu_order":0,"comment_status":"closed","ping_status":"closed","template":"","meta":{"footnotes":""},"class_list":["post-27","page","type-page","status-publish","hentry"],"yoast_head":"<!-- This site is optimized with the Yoast SEO plugin v26.9 - https:\/\/yoast.com\/product\/yoast-seo-wordpress\/ -->\n<title>USTAELLER EVDEN EVE NAKL\u0130YAT - Gaziantep Ustaeller Evden Eve Nakliyat<\/title>\n<meta name=\"robots\" content=\"index, follow, max-snippet:-1, max-image-preview:large, max-video-preview:-1\" \/>\n<link rel=\"canonical\" href=\"https:\/\/ustaellerevdeneve.com\/index.php\/ustaeller-evden-eve-nakliyat\/\" \/>\n<meta property=\"og:locale\" content=\"tr_TR\" \/>\n<meta property=\"og:type\" content=\"article\" \/>\n<meta property=\"og:title\" content=\"USTAELLER EVDEN EVE NAKL\u0130YAT - Gaziantep Ustaeller Evden Eve Nakliyat\" \/>\n<meta property=\"og:description\" content=\"Usta Eller Evden Eve Nakliyat olarak, e\u015fyalar\u0131n\u0131z\u0131 en g\u00fcvenli ve h\u0131zl\u0131 \u015fekilde yeni adresinize ta\u015f\u0131yoruz. Profesyonel ekibimiz ve modern ara\u00e7 filomuzla \u015fehir i\u00e7i ve \u015fehirler aras\u0131 ta\u015f\u0131mac\u0131l\u0131kta yan\u0131n\u0131zday\u0131z. Ta\u015f\u0131nmak art\u0131k dert de\u011fil! Usta Eller Evden Eve Nakliyat olarak, y\u0131llar\u0131n verdi\u011fi tecr\u00fcbe ile e\u015fyalar\u0131n\u0131z\u0131 sigortal\u0131 ve garantili bir \u015fekilde yeni yuvan\u0131za ta\u015f\u0131yoruz.\u200bNeden Bizi Tercih Etmelisiniz?\u200b\ud83d\udee1\ufe0f Sigortal\u0131 [&hellip;]\" \/>\n<meta property=\"og:url\" content=\"https:\/\/ustaellerevdeneve.com\/index.php\/ustaeller-evden-eve-nakliyat\/\" \/>\n<meta property=\"og:site_name\" content=\"Gaziantep Ustaeller Evden Eve Nakliyat\" \/>\n<meta property=\"article:modified_time\" content=\"2026-01-02T08:13:25+00:00\" \/>\n<meta property=\"og:image\" content=\"https:\/\/ustaellerevdeneve.com\/wp-content\/uploads\/2026\/01\/IMG_20260101_162916.jpg\" \/>\n\t<meta property=\"og:image:width\" content=\"1080\" \/>\n\t<meta property=\"og:image:height\" content=\"1078\" \/>\n\t<meta property=\"og:image:type\" content=\"image\/jpeg\" \/>\n<meta name=\"twitter:card\" content=\"summary_large_image\" \/>\n<meta name=\"twitter:label1\" content=\"Tahmini okuma s\u00fcresi\" \/>\n\t<meta name=\"twitter:data1\" content=\"1 dakika\" \/>\n<script type=\"application\/ld+json\" class=\"yoast-schema-graph\">{\"@context\":\"https:\/\/schema.org\",\"@graph\":[{\"@type\":\"WebPage\",\"@id\":\"https:\/\/ustaellerevdeneve.com\/index.php\/ustaeller-evden-eve-nakliyat\/\",\"url\":\"https:\/\/ustaellerevdeneve.com\/index.php\/ustaeller-evden-eve-nakliyat\/\",\"name\":\"USTAELLER EVDEN EVE NAKL\u0130YAT - Gaziantep Ustaeller Evden Eve Nakliyat\",\"isPartOf\":{\"@id\":\"https:\/\/ustaellerevdeneve.com\/#website\"},\"primaryImageOfPage\":{\"@id\":\"https:\/\/ustaellerevdeneve.com\/index.php\/ustaeller-evden-eve-nakliyat\/#primaryimage\"},\"image\":{\"@id\":\"https:\/\/ustaellerevdeneve.com\/index.php\/ustaeller-evden-eve-nakliyat\/#primaryimage\"},\"thumbnailUrl\":\"https:\/\/ustaellerevdeneve.com\/wp-content\/uploads\/2026\/01\/IMG_20260101_162916-1024x1022.jpg\",\"datePublished\":\"2026-01-01T13:41:53+00:00\",\"dateModified\":\"2026-01-02T08:13:25+00:00\",\"breadcrumb\":{\"@id\":\"https:\/\/ustaellerevdeneve.com\/index.php\/ustaeller-evden-eve-nakliyat\/#breadcrumb\"},\"inLanguage\":\"tr\",\"potentialAction\":[{\"@type\":\"ReadAction\",\"target\":[\"https:\/\/ustaellerevdeneve.com\/index.php\/ustaeller-evden-eve-nakliyat\/\"]}]},{\"@type\":\"ImageObject\",\"inLanguage\":\"tr\",\"@id\":\"https:\/\/ustaellerevdeneve.com\/index.php\/ustaeller-evden-eve-nakliyat\/#primaryimage\",\"url\":\"https:\/\/ustaellerevdeneve.com\/wp-content\/uploads\/2026\/01\/IMG_20260101_162916.jpg\",\"contentUrl\":\"https:\/\/ustaellerevdeneve.com\/wp-content\/uploads\/2026\/01\/IMG_20260101_162916.jpg\",\"width\":1080,\"height\":1078},{\"@type\":\"BreadcrumbList\",\"@id\":\"https:\/\/ustaellerevdeneve.com\/index.php\/ustaeller-evden-eve-nakliyat\/#breadcrumb\",\"itemListElement\":[{\"@type\":\"ListItem\",\"position\":1,\"name\":\"Anasayfa\",\"item\":\"https:\/\/ustaellerevdeneve.com\/\"},{\"@type\":\"ListItem\",\"position\":2,\"name\":\"USTAELLER EVDEN EVE NAKL\u0130YAT\"}]},{\"@type\":\"WebSite\",\"@id\":\"https:\/\/ustaellerevdeneve.com\/#website\",\"url\":\"https:\/\/ustaellerevdeneve.com\/\",\"name\":\"Gaziantep Ustaeller Evden Eve Nakliyat\",\"description\":\"&quot;Kendi e\u015fyam\u0131z gibi, \u00f6zenle ve g\u00fcvenle...&quot;\",\"publisher\":{\"@id\":\"https:\/\/ustaellerevdeneve.com\/#organization\"},\"potentialAction\":[{\"@type\":\"SearchAction\",\"target\":{\"@type\":\"EntryPoint\",\"urlTemplate\":\"https:\/\/ustaellerevdeneve.com\/?s={search_term_string}\"},\"query-input\":{\"@type\":\"PropertyValueSpecification\",\"valueRequired\":true,\"valueName\":\"search_term_string\"}}],\"inLanguage\":\"tr\"},{\"@type\":\"Organization\",\"@id\":\"https:\/\/ustaellerevdeneve.com\/#organization\",\"name\":\"Gaziantep Ustaeller Evden Eve Nakliyat\",\"url\":\"https:\/\/ustaellerevdeneve.com\/\",\"logo\":{\"@type\":\"ImageObject\",\"inLanguage\":\"tr\",\"@id\":\"https:\/\/ustaellerevdeneve.com\/#\/schema\/logo\/image\/\",\"url\":\"https:\/\/ustaellerevdeneve.com\/wp-content\/uploads\/2026\/01\/cropped-IMG_20260101_162846-1.jpg\",\"contentUrl\":\"https:\/\/ustaellerevdeneve.com\/wp-content\/uploads\/2026\/01\/cropped-IMG_20260101_162846-1.jpg\",\"width\":70,\"height\":70,\"caption\":\"Gaziantep Ustaeller Evden Eve Nakliyat\"},\"image\":{\"@id\":\"https:\/\/ustaellerevdeneve.com\/#\/schema\/logo\/image\/\"}}]}<\/script>\n<!-- \/ Yoast SEO plugin. -->","yoast_head_json":{"title":"USTAELLER EVDEN EVE NAKL\u0130YAT - Gaziantep Ustaeller Evden Eve Nakliyat","robots":{"index":"index","follow":"follow","max-snippet":"max-snippet:-1","max-image-preview":"max-image-preview:large","max-video-preview":"max-video-preview:-1"},"canonical":"https:\/\/ustaellerevdeneve.com\/index.php\/ustaeller-evden-eve-nakliyat\/","og_locale":"tr_TR","og_type":"article","og_title":"USTAELLER EVDEN EVE NAKL\u0130YAT - Gaziantep Ustaeller Evden Eve Nakliyat","og_description":"Usta Eller Evden Eve Nakliyat olarak, e\u015fyalar\u0131n\u0131z\u0131 en g\u00fcvenli ve h\u0131zl\u0131 \u015fekilde yeni adresinize ta\u015f\u0131yoruz. Profesyonel ekibimiz ve modern ara\u00e7 filomuzla \u015fehir i\u00e7i ve \u015fehirler aras\u0131 ta\u015f\u0131mac\u0131l\u0131kta yan\u0131n\u0131zday\u0131z. Ta\u015f\u0131nmak art\u0131k dert de\u011fil! Usta Eller Evden Eve Nakliyat olarak, y\u0131llar\u0131n verdi\u011fi tecr\u00fcbe ile e\u015fyalar\u0131n\u0131z\u0131 sigortal\u0131 ve garantili bir \u015fekilde yeni yuvan\u0131za ta\u015f\u0131yoruz.\u200bNeden Bizi Tercih Etmelisiniz?\u200b\ud83d\udee1\ufe0f Sigortal\u0131 [&hellip;]","og_url":"https:\/\/ustaellerevdeneve.com\/index.php\/ustaeller-evden-eve-nakliyat\/","og_site_name":"Gaziantep Ustaeller Evden Eve Nakliyat","article_modified_time":"2026-01-02T08:13:25+00:00","og_image":[{"width":1080,"height":1078,"url":"https:\/\/ustaellerevdeneve.com\/wp-content\/uploads\/2026\/01\/IMG_20260101_162916.jpg","type":"image\/jpeg"}],"twitter_card":"summary_large_image","twitter_misc":{"Tahmini okuma s\u00fcresi":"1 dakika"},"schema":{"@context":"https:\/\/schema.org","@graph":[{"@type":"WebPage","@id":"https:\/\/ustaellerevdeneve.com\/index.php\/ustaeller-evden-eve-nakliyat\/","url":"https:\/\/ustaellerevdeneve.com\/index.php\/ustaeller-evden-eve-nakliyat\/","name":"USTAELLER EVDEN EVE NAKL\u0130YAT - Gaziantep Ustaeller Evden Eve Nakliyat","isPartOf":{"@id":"https:\/\/ustaellerevdeneve.com\/#website"},"primaryImageOfPage":{"@id":"https:\/\/ustaellerevdeneve.com\/index.php\/ustaeller-evden-eve-nakliyat\/#primaryimage"},"image":{"@id":"https:\/\/ustaellerevdeneve.com\/index.php\/ustaeller-evden-eve-nakliyat\/#primaryimage"},"thumbnailUrl":"https:\/\/ustaellerevdeneve.com\/wp-content\/uploads\/2026\/01\/IMG_20260101_162916-1024x1022.jpg","datePublished":"2026-01-01T13:41:53+00:00","dateModified":"2026-01-02T08:13:25+00:00","breadcrumb":{"@id":"https:\/\/ustaellerevdeneve.com\/index.php\/ustaeller-evden-eve-nakliyat\/#breadcrumb"},"inLanguage":"tr","potentialAction":[{"@type":"ReadAction","target":["https:\/\/ustaellerevdeneve.com\/index.php\/ustaeller-evden-eve-nakliyat\/"]}]},{"@type":"ImageObject","inLanguage":"tr","@id":"https:\/\/ustaellerevdeneve.com\/index.php\/ustaeller-evden-eve-nakliyat\/#primaryimage","url":"https:\/\/ustaellerevdeneve.com\/wp-content\/uploads\/2026\/01\/IMG_20260101_162916.jpg","contentUrl":"https:\/\/ustaellerevdeneve.com\/wp-content\/uploads\/2026\/01\/IMG_20260101_162916.jpg","width":1080,"height":1078},{"@type":"BreadcrumbList","@id":"https:\/\/ustaellerevdeneve.com\/index.php\/ustaeller-evden-eve-nakliyat\/#breadcrumb","itemListElement":[{"@type":"ListItem","position":1,"name":"Anasayfa","item":"https:\/\/ustaellerevdeneve.com\/"},{"@type":"ListItem","position":2,"name":"USTAELLER EVDEN EVE NAKL\u0130YAT"}]},{"@type":"WebSite","@id":"https:\/\/ustaellerevdeneve.com\/#website","url":"https:\/\/ustaellerevdeneve.com\/","name":"Gaziantep Ustaeller Evden Eve Nakliyat","description":"&quot;Kendi e\u015fyam\u0131z gibi, \u00f6zenle ve g\u00fcvenle...&quot;","publisher":{"@id":"https:\/\/ustaellerevdeneve.com\/#organization"},"potentialAction":[{"@type":"SearchAction","target":{"@type":"EntryPoint","urlTemplate":"https:\/\/ustaellerevdeneve.com\/?s={search_term_string}"},"query-input":{"@type":"PropertyValueSpecification","valueRequired":true,"valueName":"search_term_string"}}],"inLanguage":"tr"},{"@type":"Organization","@id":"https:\/\/ustaellerevdeneve.com\/#organization","name":"Gaziantep Ustaeller Evden Eve Nakliyat","url":"https:\/\/ustaellerevdeneve.com\/","logo":{"@type":"ImageObject","inLanguage":"tr","@id":"https:\/\/ustaellerevdeneve.com\/#\/schema\/logo\/image\/","url":"https:\/\/ustaellerevdeneve.com\/wp-content\/uploads\/2026\/01\/cropped-IMG_20260101_162846-1.jpg","contentUrl":"https:\/\/ustaellerevdeneve.com\/wp-content\/uploads\/2026\/01\/cropped-IMG_20260101_162846-1.jpg","width":70,"height":70,"caption":"Gaziantep Ustaeller Evden Eve Nakliyat"},"image":{"@id":"https:\/\/ustaellerevdeneve.com\/#\/schema\/logo\/image\/"}}]}},"_links":{"self":[{"href":"https:\/\/ustaellerevdeneve.com\/index.php\/wp-json\/wp\/v2\/pages\/27","targetHints":{"allow":["GET"]}}],"collection":[{"href":"https:\/\/ustaellerevdeneve.com\/index.php\/wp-json\/wp\/v2\/pages"}],"about":[{"href":"https:\/\/ustaellerevdeneve.com\/index.php\/wp-json\/wp\/v2\/types\/page"}],"author":[{"embeddable":true,"href":"https:\/\/ustaellerevdeneve.com\/index.php\/wp-json\/wp\/v2\/users\/1"}],"replies":[{"embeddable":true,"href":"https:\/\/ustaellerevdeneve.com\/index.php\/wp-json\/wp\/v2\/comments?post=27"}],"version-history":[{"count":1,"href":"https:\/\/ustaellerevdeneve.com\/index.php\/wp-json\/wp\/v2\/pages\/27\/revisions"}],"predecessor-version":[{"id":35,"href":"https:\/\/ustaellerevdeneve.com\/index.php\/wp-json\/wp\/v2\/pages\/27\/revisions\/35"}],"wp:attachment":[{"href":"https:\/\/ustaellerevdeneve.com\/index.php\/wp-json\/wp\/v2\/media?parent=27"}],"curies":[{"name":"wp","href":"https:\/\/api.w.org\/{rel}","templated":true}]}}